{"id":11174,"date":"2018-02-25T12:04:37","date_gmt":"2018-02-25T11:04:37","guid":{"rendered":"http:\/\/www.killcam.cz\/?page_id=11174"},"modified":"2018-02-25T12:04:37","modified_gmt":"2018-02-25T11:04:37","slug":"thajsko","status":"publish","type":"page","link":"https:\/\/www.killcam.cz\/?page_id=11174","title":{"rendered":"Thajsko"},"content":{"rendered":"<ul class=\"lcp_catlist\" id=\"lcp_instance_0\"><li><a href=\"https:\/\/www.killcam.cz\/?p=891\">Uzav\u0159en\u00ed Thajsk\u00e9ho dobrodru\u017estv\u00ed<\/a><\/li><li><a href=\"https:\/\/www.killcam.cz\/?p=888\">Chiang Mai &#8211; Bangkok<\/a><\/li><li><a href=\"https:\/\/www.killcam.cz\/?p=876\">Doi Pui<\/a><\/li><li><a href=\"https:\/\/www.killcam.cz\/?p=866\">Druh\u00fd den v NP<\/a><\/li><li><a href=\"https:\/\/www.killcam.cz\/?p=852\">Nejvy\u0161\u0161\u00ed bod Thajska<\/a><\/li><li><a href=\"https:\/\/www.killcam.cz\/?p=838\">Chiang Mai<\/a><\/li><li><a href=\"https:\/\/www.killcam.cz\/?p=828\">T\u0159et\u00ed t\u0159\u00eddou<\/a><\/li><li><a href=\"https:\/\/www.killcam.cz\/?p=819\">Zp\u00e1tky v Bangkoku<\/a><\/li><li><a href=\"https:\/\/www.killcam.cz\/?p=807\">Phi phi leh<\/a><\/li><li><a href=\"https:\/\/www.killcam.cz\/?p=797\">Phi phi<\/a><\/li><li><a href=\"https:\/\/www.killcam.cz\/?p=790\">Ko Pha Ngan<\/a><\/li><li><a href=\"https:\/\/www.killcam.cz\/?p=773\">Pam\u00e1tky, pl\u00e1\u017ee a sloni<\/a><\/li><li><a href=\"https:\/\/www.killcam.cz\/?p=752\">Kolem ostrova<\/a><\/li><li><a href=\"https:\/\/www.killcam.cz\/?p=737\">Koh Samui<\/a><\/li><li><a href=\"https:\/\/www.killcam.cz\/?p=728\">Chinatown<\/a><\/li><li><a href=\"https:\/\/www.killcam.cz\/?p=719\">1000 a jeden budha<\/a><\/li><li><a href=\"https:\/\/www.killcam.cz\/?p=709\">Dosavadn\u00ed poznatky<\/a><\/li><li><a href=\"https:\/\/www.killcam.cz\/?p=707\">The Great Palace<\/a><\/li><li><a href=\"https:\/\/www.killcam.cz\/?p=698\">Bangkok &#8211; prvn\u00ed dojmy<\/a><\/li><li><a href=\"https:\/\/www.killcam.cz\/?p=686\">P\u0159elet<\/a><\/li><\/ul>\n","protected":false},"excerpt":{"rendered":"","protected":false},"author":2,"featured_media":0,"parent":0,"menu_order":0,"comment_status":"closed","ping_status":"closed","template":"","meta":{"jetpack_post_was_ever_published":false,"footnotes":""},"class_list":["post-11174","page","type-page","status-publish","hentry"],"jetpack_sharing_enabled":true,"jetpack_shortlink":"https:\/\/wp.me\/P7jeMg-2Ue","jetpack_likes_enabled":true,"_links":{"self":[{"href":"https:\/\/www.killcam.cz\/index.php?rest_route=\/wp\/v2\/pages\/11174","targetHints":{"allow":["GET"]}}],"collection":[{"href":"https:\/\/www.killcam.cz\/index.php?rest_route=\/wp\/v2\/pages"}],"about":[{"href":"https:\/\/www.killcam.cz\/index.php?rest_route=\/wp\/v2\/types\/page"}],"author":[{"embeddable":true,"href":"https:\/\/www.killcam.cz\/index.php?rest_route=\/wp\/v2\/users\/2"}],"replies":[{"embeddable":true,"href":"https:\/\/www.killcam.cz\/index.php?rest_route=%2Fwp%2Fv2%2Fcomments&post=11174"}],"version-history":[{"count":1,"href":"https:\/\/www.killcam.cz\/index.php?rest_route=\/wp\/v2\/pages\/11174\/revisions"}],"predecessor-version":[{"id":11180,"href":"https:\/\/www.killcam.cz\/index.php?rest_route=\/wp\/v2\/pages\/11174\/revisions\/11180"}],"wp:attachment":[{"href":"https:\/\/www.killcam.cz\/index.php?rest_route=%2Fwp%2Fv2%2Fmedia&parent=11174"}],"curies":[{"name":"wp","href":"https:\/\/api.w.org\/{rel}","templated":true}]}}