{"id":11165,"date":"2018-02-25T12:04:06","date_gmt":"2018-02-25T11:04:06","guid":{"rendered":"http:\/\/www.killcam.cz\/?page_id=11165"},"modified":"2018-02-25T12:04:06","modified_gmt":"2018-02-25T11:04:06","slug":"spojene-arabske-emiraty","status":"publish","type":"page","link":"https:\/\/www.killcam.cz\/?page_id=11165","title":{"rendered":"Spojen\u00e9 Arabsk\u00e9 Emir\u00e1ty"},"content":{"rendered":"<ul class=\"lcp_catlist\" id=\"lcp_instance_0\"><\/ul>\n","protected":false},"excerpt":{"rendered":"","protected":false},"author":2,"featured_media":0,"parent":0,"menu_order":0,"comment_status":"closed","ping_status":"closed","template":"","meta":{"jetpack_post_was_ever_published":false,"footnotes":""},"class_list":["post-11165","page","type-page","status-publish","hentry"],"jetpack_sharing_enabled":true,"jetpack_shortlink":"https:\/\/wp.me\/P7jeMg-2U5","jetpack_likes_enabled":true,"_links":{"self":[{"href":"https:\/\/www.killcam.cz\/index.php?rest_route=\/wp\/v2\/pages\/11165","targetHints":{"allow":["GET"]}}],"collection":[{"href":"https:\/\/www.killcam.cz\/index.php?rest_route=\/wp\/v2\/pages"}],"about":[{"href":"https:\/\/www.killcam.cz\/index.php?rest_route=\/wp\/v2\/types\/page"}],"author":[{"embeddable":true,"href":"https:\/\/www.killcam.cz\/index.php?rest_route=\/wp\/v2\/users\/2"}],"replies":[{"embeddable":true,"href":"https:\/\/www.killcam.cz\/index.php?rest_route=%2Fwp%2Fv2%2Fcomments&post=11165"}],"version-history":[{"count":1,"href":"https:\/\/www.killcam.cz\/index.php?rest_route=\/wp\/v2\/pages\/11165\/revisions"}],"predecessor-version":[{"id":11171,"href":"https:\/\/www.killcam.cz\/index.php?rest_route=\/wp\/v2\/pages\/11165\/revisions\/11171"}],"wp:attachment":[{"href":"https:\/\/www.killcam.cz\/index.php?rest_route=%2Fwp%2Fv2%2Fmedia&parent=11165"}],"curies":[{"name":"wp","href":"https:\/\/api.w.org\/{rel}","templated":true}]}}