{"id":11084,"date":"2018-02-25T11:47:02","date_gmt":"2018-02-25T10:47:02","guid":{"rendered":"http:\/\/www.killcam.cz\/?page_id=11084"},"modified":"2018-02-25T11:47:02","modified_gmt":"2018-02-25T10:47:02","slug":"kypr","status":"publish","type":"page","link":"https:\/\/www.killcam.cz\/?page_id=11084","title":{"rendered":"Kypr"},"content":{"rendered":"<ul class=\"lcp_catlist\" id=\"lcp_instance_0\"><li><a href=\"https:\/\/www.killcam.cz\/?p=12211\">Z\u00e1\u0159\u00ed 2018<\/a><\/li><li><a href=\"https:\/\/www.killcam.cz\/?p=12049\">Srpen 2018<\/a><\/li><li><a href=\"https:\/\/www.killcam.cz\/?p=11878\">\u010cervenec 2018<\/a><\/li><li><a href=\"https:\/\/www.killcam.cz\/?p=11722\">\u010cerven 2018<\/a><\/li><li><a href=\"https:\/\/www.killcam.cz\/?p=11593\">Kv\u011bten 2018<\/a><\/li><li><a href=\"https:\/\/www.killcam.cz\/?p=11527\">Duben 2018<\/a><\/li><li><a href=\"https:\/\/www.killcam.cz\/?p=11239\">B\u0159ezen 2018<\/a><\/li><li><a href=\"https:\/\/www.killcam.cz\/?p=11362\">\u00danor 2018<\/a><\/li><li><a href=\"https:\/\/www.killcam.cz\/?p=10709\">Leden 2018<\/a><\/li><li><a href=\"https:\/\/www.killcam.cz\/?p=10412\">\u00dater\u00fd<\/a><\/li><li><a href=\"https:\/\/www.killcam.cz\/?p=10229\">St&aacute;le \u017eiju!<\/a><\/li><li><a href=\"https:\/\/www.killcam.cz\/?p=10145\">Prvn&iacute; t&yacute;den v pr&aacute;ci<\/a><\/li><li><a href=\"https:\/\/www.killcam.cz\/?p=10106\">M\u011bs&iacute;c za mnou<\/a><\/li><li><a href=\"https:\/\/www.killcam.cz\/?p=9998\">Zp&aacute;tky na Kypr<\/a><\/li><\/ul>\n","protected":false},"excerpt":{"rendered":"","protected":false},"author":2,"featured_media":0,"parent":0,"menu_order":0,"comment_status":"closed","ping_status":"closed","template":"","meta":{"jetpack_post_was_ever_published":false,"footnotes":""},"class_list":["post-11084","page","type-page","status-publish","hentry"],"jetpack_sharing_enabled":true,"jetpack_shortlink":"https:\/\/wp.me\/P7jeMg-2SM","jetpack_likes_enabled":true,"_links":{"self":[{"href":"https:\/\/www.killcam.cz\/index.php?rest_route=\/wp\/v2\/pages\/11084","targetHints":{"allow":["GET"]}}],"collection":[{"href":"https:\/\/www.killcam.cz\/index.php?rest_route=\/wp\/v2\/pages"}],"about":[{"href":"https:\/\/www.killcam.cz\/index.php?rest_route=\/wp\/v2\/types\/page"}],"author":[{"embeddable":true,"href":"https:\/\/www.killcam.cz\/index.php?rest_route=\/wp\/v2\/users\/2"}],"replies":[{"embeddable":true,"href":"https:\/\/www.killcam.cz\/index.php?rest_route=%2Fwp%2Fv2%2Fcomments&post=11084"}],"version-history":[{"count":1,"href":"https:\/\/www.killcam.cz\/index.php?rest_route=\/wp\/v2\/pages\/11084\/revisions"}],"predecessor-version":[{"id":11090,"href":"https:\/\/www.killcam.cz\/index.php?rest_route=\/wp\/v2\/pages\/11084\/revisions\/11090"}],"wp:attachment":[{"href":"https:\/\/www.killcam.cz\/index.php?rest_route=%2Fwp%2Fv2%2Fmedia&parent=11084"}],"curies":[{"name":"wp","href":"https:\/\/api.w.org\/{rel}","templated":true}]}}