{"id":11039,"date":"2018-02-25T11:42:12","date_gmt":"2018-02-25T10:42:12","guid":{"rendered":"http:\/\/www.killcam.cz\/?page_id=11039"},"modified":"2018-02-25T11:42:12","modified_gmt":"2018-02-25T10:42:12","slug":"euro-trip","status":"publish","type":"page","link":"https:\/\/www.killcam.cz\/?page_id=11039","title":{"rendered":"Euro Trip"},"content":{"rendered":"<ul class=\"lcp_catlist\" id=\"lcp_instance_0\"><li><a href=\"https:\/\/www.killcam.cz\/?p=653\">Zase p\u00e1r \u010d\u00edsel a galerie<\/a><\/li><li><a href=\"https:\/\/www.killcam.cz\/?p=651\">Druh\u00fd den v Portu<\/a><\/li><li><a href=\"https:\/\/www.killcam.cz\/?p=636\">Porto &#8211; prvn\u00ed dojmy<\/a><\/li><li><a href=\"https:\/\/www.killcam.cz\/?p=625\">Vigo<\/a><\/li><li><a href=\"https:\/\/www.killcam.cz\/?p=620\">Boiro &#8211; Padr\u00f3n &#8211; Vigo<\/a><\/li><li><a href=\"https:\/\/www.killcam.cz\/?p=614\">Santiago de Compostela<\/a><\/li><li><a href=\"https:\/\/www.killcam.cz\/?p=604\">Lluarca &#8211; Ribadeo<\/a><\/li><li><a href=\"https:\/\/www.killcam.cz\/?p=595\">Santillana del mar &#8211; Comillas &#8211; San Vincente de la Barquera<\/a><\/li><li><a href=\"https:\/\/www.killcam.cz\/?p=584\">Santander<\/a><\/li><li><a href=\"https:\/\/www.killcam.cz\/?p=571\">San Sebasti\u00e1n<\/a><\/li><li><a href=\"https:\/\/www.killcam.cz\/?p=560\">Pamplona<\/a><\/li><li><a href=\"https:\/\/www.killcam.cz\/?p=551\">Zaragoza<\/a><\/li><li><a href=\"https:\/\/www.killcam.cz\/?p=540\">Bambusov\u00e1 z\u00e1toka<\/a><\/li><li><a href=\"https:\/\/www.killcam.cz\/?p=534\">Lleida<\/a><\/li><li><a href=\"https:\/\/www.killcam.cz\/?p=525\">Katal\u00e1nsko<\/a><\/li><li><a href=\"https:\/\/www.killcam.cz\/?p=519\">Andorra<\/a><\/li><li><a href=\"https:\/\/www.killcam.cz\/?p=510\">Prats Balaguer<\/a><\/li><li><a href=\"https:\/\/www.killcam.cz\/?p=505\">Perpignan<\/a><\/li><li><a href=\"https:\/\/www.killcam.cz\/?p=497\">D\u00e1lnice A9<\/a><\/li><li><a href=\"https:\/\/www.killcam.cz\/?p=490\">Montpellier<\/a><\/li><li><a href=\"https:\/\/www.killcam.cz\/?p=484\">Salon de Provance<\/a><\/li><li><a href=\"https:\/\/www.killcam.cz\/?p=477\">Marseille<\/a><\/li><li><a href=\"https:\/\/www.killcam.cz\/?p=468\">Six-fours-les-plages<\/a><\/li><li><a href=\"https:\/\/www.killcam.cz\/?p=457\">Cannes<\/a><\/li><li><a href=\"https:\/\/www.killcam.cz\/?p=450\">Nice<\/a><\/li><li><a href=\"https:\/\/www.killcam.cz\/?p=443\">Monaco<\/a><\/li><li><a href=\"https:\/\/www.killcam.cz\/?p=430\">Imperia &#8211; Menton<\/a><\/li><li><a href=\"https:\/\/www.killcam.cz\/?p=422\">Janov &#8211; den druh\u00fd<\/a><\/li><li><a href=\"https:\/\/www.killcam.cz\/?p=406\">Janov<\/a><\/li><li><a href=\"https:\/\/www.killcam.cz\/?p=400\">EXPO<\/a><\/li><li><a href=\"https:\/\/www.killcam.cz\/?p=388\">Milano<\/a><\/li><li><a href=\"https:\/\/www.killcam.cz\/?p=383\">Bellinzona<\/a><\/li><li><a href=\"https:\/\/www.killcam.cz\/?p=379\">Chur<\/a><\/li><li><a href=\"https:\/\/www.killcam.cz\/?p=371\">Lichtensteinsko<\/a><\/li><li><a href=\"https:\/\/www.killcam.cz\/?p=363\">Feldkirch<\/a><\/li><li><a href=\"https:\/\/www.killcam.cz\/?p=356\">Patscherkofel<\/a><\/li><li><a href=\"https:\/\/www.killcam.cz\/?p=345\">Innsbruck<\/a><\/li><li><a href=\"https:\/\/www.killcam.cz\/?p=340\">Salzburg 2<\/a><\/li><li><a href=\"https:\/\/www.killcam.cz\/?p=328\">Salzburg<\/a><\/li><li><a href=\"https:\/\/www.killcam.cz\/?p=323\">Braunau<\/a><\/li><li><a href=\"https:\/\/www.killcam.cz\/?p=316\">Pasov<\/a><\/li><li><a href=\"https:\/\/www.killcam.cz\/?p=307\">On the road again<\/a><\/li><\/ul>\n","protected":false},"excerpt":{"rendered":"","protected":false},"author":2,"featured_media":0,"parent":0,"menu_order":0,"comment_status":"closed","ping_status":"closed","template":"","meta":{"jetpack_post_was_ever_published":false,"footnotes":""},"class_list":["post-11039","page","type-page","status-publish","hentry"],"jetpack_sharing_enabled":true,"jetpack_shortlink":"https:\/\/wp.me\/P7jeMg-2S3","jetpack_likes_enabled":true,"_links":{"self":[{"href":"https:\/\/www.killcam.cz\/index.php?rest_route=\/wp\/v2\/pages\/11039","targetHints":{"allow":["GET"]}}],"collection":[{"href":"https:\/\/www.killcam.cz\/index.php?rest_route=\/wp\/v2\/pages"}],"about":[{"href":"https:\/\/www.killcam.cz\/index.php?rest_route=\/wp\/v2\/types\/page"}],"author":[{"embeddable":true,"href":"https:\/\/www.killcam.cz\/index.php?rest_route=\/wp\/v2\/users\/2"}],"replies":[{"embeddable":true,"href":"https:\/\/www.killcam.cz\/index.php?rest_route=%2Fwp%2Fv2%2Fcomments&post=11039"}],"version-history":[{"count":1,"href":"https:\/\/www.killcam.cz\/index.php?rest_route=\/wp\/v2\/pages\/11039\/revisions"}],"predecessor-version":[{"id":11045,"href":"https:\/\/www.killcam.cz\/index.php?rest_route=\/wp\/v2\/pages\/11039\/revisions\/11045"}],"wp:attachment":[{"href":"https:\/\/www.killcam.cz\/index.php?rest_route=%2Fwp%2Fv2%2Fmedia&parent=11039"}],"curies":[{"name":"wp","href":"https:\/\/api.w.org\/{rel}","templated":true}]}}