{"id":10994,"date":"2018-02-25T11:17:20","date_gmt":"2018-02-25T10:17:20","guid":{"rendered":"http:\/\/www.killcam.cz\/?page_id=10994"},"modified":"2018-02-25T11:17:20","modified_gmt":"2018-02-25T10:17:20","slug":"balkan-trip","status":"publish","type":"page","link":"https:\/\/www.killcam.cz\/?page_id=10994","title":{"rendered":"Balk\u00e1n Trip"},"content":{"rendered":"<ul class=\"lcp_catlist\" id=\"lcp_instance_0\"><li><a href=\"https:\/\/www.killcam.cz\/?p=299\">Fotky a video<\/a><\/li><li><a href=\"https:\/\/www.killcam.cz\/?p=297\">Z\u00e1v\u011bre\u010dn\u00e1 statistika&#8230;<\/a><\/li><li><a href=\"https:\/\/www.killcam.cz\/?p=295\">Akamas<\/a><\/li><li><a href=\"https:\/\/www.killcam.cz\/?p=287\">P\u00e1tek, sobota a ned\u011ble<\/a><\/li><li><a href=\"https:\/\/www.killcam.cz\/?p=282\">Kypr<\/a><\/li><li><a href=\"https:\/\/www.killcam.cz\/?p=275\">Istanbul<\/a><\/li><li><a href=\"https:\/\/www.killcam.cz\/?p=268\">Druh\u00fd den ve Varn\u011b<\/a><\/li><li><a href=\"https:\/\/www.killcam.cz\/?p=254\">Varna<\/a><\/li><li><a href=\"https:\/\/www.killcam.cz\/?p=246\">1. den v Bulharsku<\/a><\/li><li><a href=\"https:\/\/www.killcam.cz\/?p=236\">Mangalia<\/a><\/li><li><a href=\"https:\/\/www.killcam.cz\/?p=218\">Jupiter<\/a><\/li><li><a href=\"https:\/\/www.killcam.cz\/?p=213\">Bukure\u0161\u0165<\/a><\/li><li><a href=\"https:\/\/www.killcam.cz\/?p=203\">Hrad Bran<\/a><\/li><li><a href=\"https:\/\/www.killcam.cz\/?p=197\">Bra\u015fov<\/a><\/li><li><a href=\"https:\/\/www.killcam.cz\/?p=192\">Do you have some knive?<\/a><\/li><li><a href=\"https:\/\/www.killcam.cz\/?p=190\">Festival pokra\u010duje<\/a><\/li><li><a href=\"https:\/\/www.killcam.cz\/?p=185\">Cluj-Napoca<\/a><\/li><li><a href=\"https:\/\/www.killcam.cz\/?p=180\">Tak u\u017e jsem v Rumunsku<\/a><\/li><li><a href=\"https:\/\/www.killcam.cz\/?p=177\">Debrec\u00edn<\/a><\/li><li><a href=\"https:\/\/www.killcam.cz\/?p=172\">Balaton &#8211; Budape\u0161\u0165<\/a><\/li><li><a href=\"https:\/\/www.killcam.cz\/?p=165\">Sun city<\/a><\/li><li><a href=\"https:\/\/www.killcam.cz\/?p=160\">Kone\u010dn\u011b na Balatonu<\/a><\/li><li><a href=\"https:\/\/www.killcam.cz\/?p=154\">Bratislava &#8211; Gy\u0151r<\/a><\/li><li><a href=\"https:\/\/www.killcam.cz\/?p=148\">D\u011bv\u00edn, Mikulov, B\u0159eclav<\/a><\/li><li><a href=\"https:\/\/www.killcam.cz\/?p=144\">Nov\u00e9 ml\u00fdny a D\u011bv\u00edn<\/a><\/li><li><a href=\"https:\/\/www.killcam.cz\/?p=142\">Dneska jsem se docela fl\u00e1kal<\/a><\/li><li><a href=\"https:\/\/www.killcam.cz\/?p=138\">Prvn\u00ed vakc\u00edna<\/a><\/li><\/ul>\n","protected":false},"excerpt":{"rendered":"","protected":false},"author":2,"featured_media":0,"parent":0,"menu_order":0,"comment_status":"closed","ping_status":"closed","template":"","meta":{"jetpack_post_was_ever_published":false,"footnotes":""},"class_list":["post-10994","page","type-page","status-publish","hentry"],"jetpack_sharing_enabled":true,"jetpack_shortlink":"https:\/\/wp.me\/P7jeMg-2Rk","jetpack_likes_enabled":true,"_links":{"self":[{"href":"https:\/\/www.killcam.cz\/index.php?rest_route=\/wp\/v2\/pages\/10994","targetHints":{"allow":["GET"]}}],"collection":[{"href":"https:\/\/www.killcam.cz\/index.php?rest_route=\/wp\/v2\/pages"}],"about":[{"href":"https:\/\/www.killcam.cz\/index.php?rest_route=\/wp\/v2\/types\/page"}],"author":[{"embeddable":true,"href":"https:\/\/www.killcam.cz\/index.php?rest_route=\/wp\/v2\/users\/2"}],"replies":[{"embeddable":true,"href":"https:\/\/www.killcam.cz\/index.php?rest_route=%2Fwp%2Fv2%2Fcomments&post=10994"}],"version-history":[{"count":1,"href":"https:\/\/www.killcam.cz\/index.php?rest_route=\/wp\/v2\/pages\/10994\/revisions"}],"predecessor-version":[{"id":11000,"href":"https:\/\/www.killcam.cz\/index.php?rest_route=\/wp\/v2\/pages\/10994\/revisions\/11000"}],"wp:attachment":[{"href":"https:\/\/www.killcam.cz\/index.php?rest_route=%2Fwp%2Fv2%2Fmedia&parent=10994"}],"curies":[{"name":"wp","href":"https:\/\/api.w.org\/{rel}","templated":true}]}}