{"id":10970,"date":"2018-02-25T11:02:09","date_gmt":"2018-02-25T10:02:09","guid":{"rendered":"http:\/\/www.killcam.cz\/?page_id=10970"},"modified":"2018-02-25T11:13:44","modified_gmt":"2018-02-25T10:13:44","slug":"nz","status":"publish","type":"page","link":"https:\/\/www.killcam.cz\/?page_id=10970","title":{"rendered":"Nov\u00fd Z\u00e9land"},"content":{"rendered":"<ul class=\"lcp_catlist\" id=\"lcp_instance_0\"><li><a href=\"https:\/\/www.killcam.cz\/?p=10313\">Milford sound a Chasm<\/a><\/li><li><a href=\"https:\/\/www.killcam.cz\/?p=8867\">Gertrude saddle<\/a><\/li><li><a href=\"https:\/\/www.killcam.cz\/?p=8783\">Key summit a Earland falls<\/a><\/li><li><a href=\"https:\/\/www.killcam.cz\/?p=8642\">Remarkables<\/a><\/li><li><a href=\"https:\/\/www.killcam.cz\/?p=8570\">Queenstown<\/a><\/li><li><a href=\"https:\/\/www.killcam.cz\/?p=8522\">Clay cliffs &amp; Clutha river<\/a><\/li><li><a href=\"https:\/\/www.killcam.cz\/?p=8474\">Mt. Cook a okol&iacute;<\/a><\/li><li><a href=\"https:\/\/www.killcam.cz\/?p=8348\">Hanmer Springs a Christchurch<\/a><\/li><li><a href=\"https:\/\/www.killcam.cz\/?p=8300\">Silnice do Kaikoury a Molesworth<\/a><\/li><li><a href=\"https:\/\/www.killcam.cz\/?p=7424\">Blenheim<\/a><\/li><li><a href=\"https:\/\/www.killcam.cz\/?p=7232\">French Pass<\/a><\/li><li><a href=\"https:\/\/www.killcam.cz\/?p=6359\">Cable bay a drak<\/a><\/li><li><a href=\"https:\/\/www.killcam.cz\/?p=6329\">Harwoods hole, Luminate, Riwaka, Rabbit island<\/a><\/li><li><a href=\"https:\/\/www.killcam.cz\/?p=6251\">Jeskyn\u011b Rawhiti a vodop&aacute;d Wainui<\/a><\/li><li><a href=\"https:\/\/www.killcam.cz\/?p=6197\">Grove a Labyrinth rocks<\/a><\/li><li><a href=\"https:\/\/www.killcam.cz\/?p=6125\">Dry road<\/a><\/li><li><a href=\"https:\/\/www.killcam.cz\/?p=5984\">Kaihoka lakes<\/a><\/li><li><a href=\"https:\/\/www.killcam.cz\/?p=5948\">Wharariki beach a farewell cape<\/a><\/li><li><a href=\"https:\/\/www.killcam.cz\/?p=5804\">Motueka a Farewell spit<\/a><\/li><li><a href=\"https:\/\/www.killcam.cz\/?p=5702\">Old Ghost Road<\/a><\/li><li><a href=\"https:\/\/www.killcam.cz\/?p=5648\">Nelson Lakes: Travers-Sabine Circuit<\/a><\/li><li><a href=\"https:\/\/www.killcam.cz\/?p=5480\">Trajekt&ndash;Picton&ndash;Nelson<\/a><\/li><li><a href=\"https:\/\/www.killcam.cz\/?p=5450\">Wellington<\/a><\/li><li><a href=\"https:\/\/www.killcam.cz\/?p=5372\">Wanganui&ndash;Bulls<\/a><\/li><li><a href=\"https:\/\/www.killcam.cz\/?p=5315\">New Plymouth&ndash;Hawera&ndash;Patea<\/a><\/li><li><a href=\"https:\/\/www.killcam.cz\/?p=5225\">New Plymouth<\/a><\/li><li><a href=\"https:\/\/www.killcam.cz\/?p=5189\">Mt. Taranaki<\/a><\/li><li><a href=\"https:\/\/www.killcam.cz\/?p=5045\">Forgotten world highway<\/a><\/li><li><a href=\"https:\/\/www.killcam.cz\/?p=4931\">Tama lakes<\/a><\/li><li><a href=\"https:\/\/www.killcam.cz\/?p=4847\">Tongariro alpine crossing<\/a><\/li><li><a href=\"https:\/\/www.killcam.cz\/?p=4733\">Taupo<\/a><\/li><li><a href=\"https:\/\/www.killcam.cz\/?p=4709\">Rotorua<\/a><\/li><li><a href=\"https:\/\/www.killcam.cz\/?p=4589\">Tauranga<\/a><\/li><li><a href=\"https:\/\/www.killcam.cz\/?p=4517\">Kone\u010dn\u011b na cest\u011b<\/a><\/li><li><a href=\"https:\/\/www.killcam.cz\/?p=4466\">Mil&yacute; den&iacute;\u010dku<\/a><\/li><li><a href=\"https:\/\/www.killcam.cz\/?p=4349\">Coromandel<\/a><\/li><li><a href=\"https:\/\/www.killcam.cz\/?p=4142\">Waiheke<\/a><\/li><li><a href=\"https:\/\/www.killcam.cz\/?p=4073\">Novinky z Aucklandu<\/a><\/li><li><a href=\"https:\/\/www.killcam.cz\/?p=4001\">#feelRaro<\/a><\/li><li><a href=\"https:\/\/www.killcam.cz\/?p=3722\">Rarotonga&ndash;u\u017eite\u010dn&eacute; informace<\/a><\/li><li><a href=\"https:\/\/www.killcam.cz\/?p=3680\">Kone\u010dn\u011b dovolen&aacute;<\/a><\/li><li><a href=\"https:\/\/www.killcam.cz\/?p=3659\">R&yacute;mi\u010dka<\/a><\/li><li><a href=\"https:\/\/www.killcam.cz\/?p=3545\">P\u0159ihod\u00ed\u0161 a vyhraje\u0161&#8230; n\u011bkdy<\/a><\/li><li><a href=\"https:\/\/www.killcam.cz\/?p=3536\">Kayak<\/a><\/li><li><a href=\"https:\/\/www.killcam.cz\/?p=3458\">Karangahake, Sky tower a Piha beach<\/a><\/li><li><a href=\"https:\/\/www.killcam.cz\/?p=3353\">10 dn&iacute; nepr&scaron;elo<\/a><\/li><li><a href=\"https:\/\/www.killcam.cz\/?p=3287\">St\u011bhov&aacute;n&iacute;<\/a><\/li><li><a href=\"https:\/\/www.killcam.cz\/?p=3179\">V&yacute;let do Waitakere<\/a><\/li><li><a href=\"https:\/\/www.killcam.cz\/?p=3074\">Nic se ned\u011bje<\/a><\/li><li><a href=\"https:\/\/www.killcam.cz\/?p=2999\">Hovnometa\u0159<\/a><\/li><li><a href=\"https:\/\/www.killcam.cz\/?p=2966\">T&yacute;den zm\u011bn<\/a><\/li><li><a href=\"https:\/\/www.killcam.cz\/?p=2879\">Posledn&iacute; kiwi zabaleno<\/a><\/li><li><a href=\"https:\/\/www.killcam.cz\/?p=2792\">Krabicujem<\/a><\/li><li><a href=\"https:\/\/www.killcam.cz\/?p=2720\">J&aacute;trov&eacute; Kari po Sr&iacute;-lansku<\/a><\/li><li><a href=\"https:\/\/www.killcam.cz\/?p=2648\">Kiwi&ndash;to ovoce<\/a><\/li><li><a href=\"https:\/\/www.killcam.cz\/?p=2627\">P\u0159e\u017e&iacute;v&aacute;m<\/a><\/li><li><a href=\"https:\/\/www.killcam.cz\/?p=2597\">Interview<\/a><\/li><li><a href=\"https:\/\/www.killcam.cz\/?p=2585\">Je to za mnou<\/a><\/li><li><a href=\"https:\/\/www.killcam.cz\/?p=2519\">Jedem bomby<\/a><\/li><li><a href=\"https:\/\/www.killcam.cz\/?p=2480\">Dal&scaron;&iacute; tejden oliv<\/a><\/li><li><a href=\"https:\/\/www.killcam.cz\/?p=2420\">V&iacute;kend<\/a><\/li><li><a href=\"https:\/\/www.killcam.cz\/?p=2336\">P&aacute;t&yacute; den oliv<\/a><\/li><li><a href=\"https:\/\/www.killcam.cz\/?p=2312\">Prvn&iacute; vejplata<\/a><\/li><li><a href=\"https:\/\/www.killcam.cz\/?p=2264\">Mak&aacute;me bez pap&iacute;ru<\/a><\/li><li><a href=\"https:\/\/www.killcam.cz\/?p=2243\">Miluju olivy<\/a><\/li><li><a href=\"https:\/\/www.killcam.cz\/?p=2207\">Tak jsem zase na severu<\/a><\/li><li><a href=\"https:\/\/www.killcam.cz\/?p=2156\">Bl&aacute;znivej p&aacute;tek<\/a><\/li><li><a href=\"https:\/\/www.killcam.cz\/?p=2147\">Druh&yacute; den v pr&aacute;ci<\/a><\/li><li><a href=\"https:\/\/www.killcam.cz\/?p=2120\">Hur&aacute;, mak&aacute;m ve sklen&iacute;ku<\/a><\/li><li><a href=\"https:\/\/www.killcam.cz\/?p=2102\">Kemp Sandspits<\/a><\/li><li><a href=\"https:\/\/www.killcam.cz\/?p=2060\">Kemp Schishka<\/a><\/li><li><a href=\"https:\/\/www.killcam.cz\/?p=2012\">N&aacute;hradn&iacute; kolo<\/a><\/li><li><a href=\"https:\/\/www.killcam.cz\/?p=1967\">St&aacute;le bez pr&aacute;ce<\/a><\/li><li><a href=\"https:\/\/www.killcam.cz\/?p=1940\">Tak u\u017e m&aacute;m \u0159idi\u010d&aacute;k<\/a><\/li><li><a href=\"https:\/\/www.killcam.cz\/?p=1913\">V&iacute;kendov&aacute; pohoda<\/a><\/li><li><a href=\"https:\/\/www.killcam.cz\/?p=1742\">Pl&aacute;\u017ee a Mt. Roskill<\/a><\/li><li><a href=\"https:\/\/www.killcam.cz\/?p=1733\">Nuda v Aucklandu<\/a><\/li><li><a href=\"https:\/\/www.killcam.cz\/?p=1694\">Oukej<\/a><\/li><li><a href=\"https:\/\/www.killcam.cz\/?p=1643\">Car fair<\/a><\/li><li><a href=\"https:\/\/www.killcam.cz\/?p=1370\">Bike<\/a><\/li><li><a href=\"https:\/\/www.killcam.cz\/?p=1349\">T&yacute;den za mnou<\/a><\/li><li><a href=\"https:\/\/www.killcam.cz\/?p=1319\">Pracovn&iacute; agentury<\/a><\/li><li><a href=\"https:\/\/www.killcam.cz\/?p=1292\">Ostrov Rangitoto<\/a><\/li><li><a href=\"https:\/\/www.killcam.cz\/?p=1238\">Banky<\/a><\/li><li><a href=\"https:\/\/www.killcam.cz\/?p=1214\">Auckland&ndash;prvn&iacute; den<\/a><\/li><li><a href=\"https:\/\/www.killcam.cz\/?p=1172\">Taipei<\/a><\/li><li><a href=\"https:\/\/www.killcam.cz\/?p=1076\">P\u0159elet<\/a><\/li><li><a href=\"https:\/\/www.killcam.cz\/?p=1025\">P\u0159\u00edpravy na Z\u00e9land<\/a><\/li><\/ul>\n","protected":false},"excerpt":{"rendered":"","protected":false},"author":2,"featured_media":0,"parent":0,"menu_order":0,"comment_status":"closed","ping_status":"closed","template":"","meta":{"jetpack_post_was_ever_published":false,"footnotes":""},"class_list":["post-10970","page","type-page","status-publish","hentry"],"jetpack_sharing_enabled":false,"jetpack_shortlink":"https:\/\/wp.me\/P7jeMg-2QW","jetpack_likes_enabled":true,"_links":{"self":[{"href":"https:\/\/www.killcam.cz\/index.php?rest_route=\/wp\/v2\/pages\/10970","targetHints":{"allow":["GET"]}}],"collection":[{"href":"https:\/\/www.killcam.cz\/index.php?rest_route=\/wp\/v2\/pages"}],"about":[{"href":"https:\/\/www.killcam.cz\/index.php?rest_route=\/wp\/v2\/types\/page"}],"author":[{"embeddable":true,"href":"https:\/\/www.killcam.cz\/index.php?rest_route=\/wp\/v2\/users\/2"}],"replies":[{"embeddable":true,"href":"https:\/\/www.killcam.cz\/index.php?rest_route=%2Fwp%2Fv2%2Fcomments&post=10970"}],"version-history":[{"count":5,"href":"https:\/\/www.killcam.cz\/index.php?rest_route=\/wp\/v2\/pages\/10970\/revisions"}],"predecessor-version":[{"id":10991,"href":"https:\/\/www.killcam.cz\/index.php?rest_route=\/wp\/v2\/pages\/10970\/revisions\/10991"}],"wp:attachment":[{"href":"https:\/\/www.killcam.cz\/index.php?rest_route=%2Fwp%2Fv2%2Fmedia&parent=10970"}],"curies":[{"name":"wp","href":"https:\/\/api.w.org\/{rel}","templated":true}]}}